{"id":1226,"date":"2022-06-12T17:08:35","date_gmt":"2022-06-12T17:08:35","guid":{"rendered":"http:\/\/seasidehome.nl\/?page_id=1226"},"modified":"2023-09-18T18:00:23","modified_gmt":"2023-09-18T18:00:23","slug":"kenmerken","status":"publish","type":"page","link":"https:\/\/seasidehome.nl\/fr\/kenmerken\/","title":{"rendered":"Kenmerken"},"content":{"rendered":"<div data-elementor-type=\"wp-page\" data-elementor-id=\"1226\" class=\"elementor elementor-1226\" data-elementor-post-type=\"page\">\n\t\t\t\t\t\t<section class=\"elementor-section elementor-top-section elementor-element elementor-element-63c42f00 elementor-section-full_width elementor-section-height-default elementor-section-height-default\" data-id=\"63c42f00\" data-element_type=\"section\" data-e-type=\"section\">\n\t\t\t\t\t\t<div class=\"elementor-container elementor-column-gap-no\">\n\t\t\t\t\t<div class=\"elementor-column elementor-col-100 elementor-top-column elementor-element elementor-element-4dd4e044\" data-id=\"4dd4e044\" data-element_type=\"column\" data-e-type=\"column\">\n\t\t\t<div class=\"elementor-widget-wrap elementor-element-populated\">\n\t\t\t\t\t\t<div class=\"elementor-element elementor-element-41cfc8f9 elementor-widget elementor-widget-heading\" data-id=\"41cfc8f9\" data-element_type=\"widget\" data-e-type=\"widget\" data-widget_type=\"heading.default\">\n\t\t\t\t<div class=\"elementor-widget-container\">\n\t\t\t\t\t<h3 class=\"elementor-heading-title elementor-size-default\">TOUTES LES FONCTIONNALIT\u00c9S<\/h3>\t\t\t\t<\/div>\n\t\t\t\t<\/div>\n\t\t\t\t<div class=\"elementor-element elementor-element-13e7092 elementor-widget-divider--view-line elementor-widget elementor-widget-divider\" data-id=\"13e7092\" data-element_type=\"widget\" data-e-type=\"widget\" data-widget_type=\"divider.default\">\n\t\t\t\t<div class=\"elementor-widget-container\">\n\t\t\t\t\t\t\t<div class=\"elementor-divider\">\n\t\t\t<span class=\"elementor-divider-separator\">\n\t\t\t\t\t\t<\/span>\n\t\t<\/div>\n\t\t\t\t\t\t<\/div>\n\t\t\t\t<\/div>\n\t\t\t\t<section class=\"elementor-section elementor-inner-section elementor-element elementor-element-9da69eb elementor-section-boxed elementor-section-height-default elementor-section-height-default\" data-id=\"9da69eb\" data-element_type=\"section\" data-e-type=\"section\">\n\t\t\t\t\t\t<div class=\"elementor-container elementor-column-gap-default\">\n\t\t\t\t\t<div class=\"elementor-column elementor-col-50 elementor-inner-column elementor-element elementor-element-91e5232\" data-id=\"91e5232\" data-element_type=\"column\" data-e-type=\"column\">\n\t\t\t<div class=\"elementor-widget-wrap elementor-element-populated\">\n\t\t\t\t\t\t<div class=\"elementor-element elementor-element-9b0414f elementor-widget elementor-widget-text-editor\" data-id=\"9b0414f\" data-element_type=\"widget\" data-e-type=\"widget\" data-widget_type=\"text-editor.default\">\n\t\t\t\t<div class=\"elementor-widget-container\">\n\t\t\t\t\t\t\t\t\t<p><a href=\"https:\/\/seasidehome.nl\/fr\/foto-album\/\">VUE D\u2019ENSEMBLE:<\/a><\/p><ul><li>environ 75m2<\/li><li>2 chambres<\/li><li>2 \u00e9tages<\/li><li>non-fumeur<\/li><li>sans animaux<\/li><li>chauffage central<\/li><li>high speed internet &amp; wifi<\/li><\/ul>\t\t\t\t\t\t\t\t<\/div>\n\t\t\t\t<\/div>\n\t\t\t\t\t<\/div>\n\t\t<\/div>\n\t\t\t\t<div class=\"elementor-column elementor-col-50 elementor-inner-column elementor-element elementor-element-42284e9\" data-id=\"42284e9\" data-element_type=\"column\" data-e-type=\"column\">\n\t\t\t<div class=\"elementor-widget-wrap elementor-element-populated\">\n\t\t\t\t\t\t<div class=\"elementor-element elementor-element-30b4f37 elementor-widget elementor-widget-text-editor\" data-id=\"30b4f37\" data-element_type=\"widget\" data-e-type=\"widget\" data-widget_type=\"text-editor.default\">\n\t\t\t\t<div class=\"elementor-widget-container\">\n\t\t\t\t\t\t\t\t\t<p><a href=\"https:\/\/seasidehome.nl\/fr\/foto-album\/\">CHAMBRES A COUCHER:<\/a><\/p>\n<ul>\n<li>Chambre 3 personnes avec sommier 160cmx200cm et lit s\u00e9par\u00e9 90x200cm<\/li>\n<li>Chambre 2 personnes avec sommier 160cmx200cm<\/li>\n<li>lits avec couettes et oreillers<\/li>\n<\/ul>\n<p><a href=\"https:\/\/seasidehome.nl\/fr\/foto-album\/\">\u00c0 L'EXT\u00c9RIEUR:<\/a><\/p>\n<ul>\n<li>all\u00e9e priv\u00e9e avec espace pour 2 voitures<\/li>\n<li>borne de recharge devant la porte<\/li>\n<li>terrasse avec salon de jardin 6 places et parasol<\/li>\n<\/ul>\t\t\t\t\t\t\t\t<\/div>\n\t\t\t\t<\/div>\n\t\t\t\t\t<\/div>\n\t\t<\/div>\n\t\t\t\t\t<\/div>\n\t\t<\/section>\n\t\t\t\t<section class=\"elementor-section elementor-inner-section elementor-element elementor-element-b20223f elementor-section-boxed elementor-section-height-default elementor-section-height-default\" data-id=\"b20223f\" data-element_type=\"section\" data-e-type=\"section\">\n\t\t\t\t\t\t<div class=\"elementor-container elementor-column-gap-default\">\n\t\t\t\t\t<div class=\"elementor-column elementor-col-50 elementor-inner-column elementor-element elementor-element-961f540\" data-id=\"961f540\" data-element_type=\"column\" data-e-type=\"column\">\n\t\t\t<div class=\"elementor-widget-wrap elementor-element-populated\">\n\t\t\t\t\t\t<div class=\"elementor-element elementor-element-7940f7f elementor-widget elementor-widget-text-editor\" data-id=\"7940f7f\" data-element_type=\"widget\" data-e-type=\"widget\" data-widget_type=\"text-editor.default\">\n\t\t\t\t<div class=\"elementor-widget-container\">\n\t\t\t\t\t\t\t\t\t<p><a href=\"https:\/\/seasidehome.nl\/fr\/foto-album\/\">LINGERIE ET INTENDANCE:<\/a><\/p><ul><li>planche a repasser<\/li><li>fer \u00e0 repasser<\/li><li>cong\u00e9lateur<\/li><li>machine a laver<\/li><li>s\u00e8che-linge<\/li><\/ul>\t\t\t\t\t\t\t\t<\/div>\n\t\t\t\t<\/div>\n\t\t\t\t\t<\/div>\n\t\t<\/div>\n\t\t\t\t<div class=\"elementor-column elementor-col-50 elementor-inner-column elementor-element elementor-element-e5ec2d8\" data-id=\"e5ec2d8\" data-element_type=\"column\" data-e-type=\"column\">\n\t\t\t<div class=\"elementor-widget-wrap elementor-element-populated\">\n\t\t\t\t\t\t<div class=\"elementor-element elementor-element-3063d6d elementor-widget elementor-widget-text-editor\" data-id=\"3063d6d\" data-element_type=\"widget\" data-e-type=\"widget\" data-widget_type=\"text-editor.default\">\n\t\t\t\t<div class=\"elementor-widget-container\">\n\t\t\t\t\t\t\t\t\t<p>\u00a0<\/p><p><a href=\"https:\/\/seasidehome.nl\/fr\/foto-album\/\">SALON\/SALLE \u00c0 MANGER\u00a0:<\/a><\/p><ul><li>salon spacieux, t\u00e9l\u00e9vision connect\u00e9e \u00e0 \u00e9cran plat<\/li><li>chemin\u00e9e\u00a0<\/li><li>TV interactive 120 cha\u00eenes (delta) avec toutes les cha\u00eenes \u00e9tranges et 4 cha\u00eenes de cin\u00e9ma et ESPN sport<\/li><\/ul>\t\t\t\t\t\t\t\t<\/div>\n\t\t\t\t<\/div>\n\t\t\t\t\t<\/div>\n\t\t<\/div>\n\t\t\t\t\t<\/div>\n\t\t<\/section>\n\t\t\t\t<section class=\"elementor-section elementor-inner-section elementor-element elementor-element-eaedc45 elementor-section-boxed elementor-section-height-default elementor-section-height-default\" data-id=\"eaedc45\" data-element_type=\"section\" data-e-type=\"section\">\n\t\t\t\t\t\t<div class=\"elementor-container elementor-column-gap-default\">\n\t\t\t\t\t<div class=\"elementor-column elementor-col-50 elementor-inner-column elementor-element elementor-element-17f12c6\" data-id=\"17f12c6\" data-element_type=\"column\" data-e-type=\"column\">\n\t\t\t<div class=\"elementor-widget-wrap elementor-element-populated\">\n\t\t\t\t\t\t<div class=\"elementor-element elementor-element-bc246b5 elementor-widget elementor-widget-text-editor\" data-id=\"bc246b5\" data-element_type=\"widget\" data-e-type=\"widget\" data-widget_type=\"text-editor.default\">\n\t\t\t\t<div class=\"elementor-widget-container\">\n\t\t\t\t\t\t\t\t\t<p><a href=\"https:\/\/seasidehome.nl\/fr\/foto-album\/\">INSTALLATIONS POUR ENFANTS\u00a0:<\/a><\/p><ul><li>lit b\u00e9b\u00e9 (lit de camping)<\/li><li>chaise haute<\/li><\/ul><div>\u00a0<\/div><div>\u00a0<\/div><div><a href=\"https:\/\/seasidehome.nl\/fr\/foto-album\/\">SANITAIRES:<\/a><\/div><ul><li>salle de bain de luxe avec douche de massage Grohe<\/li><li>toilettes s\u00e9par\u00e9es<\/li><\/ul>\t\t\t\t\t\t\t\t<\/div>\n\t\t\t\t<\/div>\n\t\t\t\t\t<\/div>\n\t\t<\/div>\n\t\t\t\t<div class=\"elementor-column elementor-col-50 elementor-inner-column elementor-element elementor-element-cf21766\" data-id=\"cf21766\" data-element_type=\"column\" data-e-type=\"column\">\n\t\t\t<div class=\"elementor-widget-wrap elementor-element-populated\">\n\t\t\t\t\t\t<div class=\"elementor-element elementor-element-e129964 elementor-widget elementor-widget-text-editor\" data-id=\"e129964\" data-element_type=\"widget\" data-e-type=\"widget\" data-widget_type=\"text-editor.default\">\n\t\t\t\t<div class=\"elementor-widget-container\">\n\t\t\t\t\t\t\t\t\t<p><a href=\"https:\/\/seasidehome.nl\/fr\/foto-album\/\">CUISINE:<\/a><\/p><ul><li>cuisine s\u00e9par\u00e9e<\/li><li>Lave-vaisselle<\/li><li>four classique<\/li><li>four micro onde<\/li><li>Nespresso<\/li><li>mousseur \u00e0 lait<\/li><li>machine \u00e0 caf\u00e9 filtre<\/li><li>grille-pain<\/li><li>bouilloire \u00e9lectrique<\/li><\/ul>\t\t\t\t\t\t\t\t<\/div>\n\t\t\t\t<\/div>\n\t\t\t\t\t<\/div>\n\t\t<\/div>\n\t\t\t\t\t<\/div>\n\t\t<\/section>\n\t\t\t\t\t<\/div>\n\t\t<\/div>\n\t\t\t\t\t<\/div>\n\t\t<\/section>\n\t\t\t\t<section class=\"elementor-section elementor-top-section elementor-element elementor-element-00d8c48 elementor-section-boxed elementor-section-height-default elementor-section-height-default\" data-id=\"00d8c48\" data-element_type=\"section\" data-e-type=\"section\">\n\t\t\t\t\t\t<div class=\"elementor-container elementor-column-gap-default\">\n\t\t\t\t\t<div class=\"elementor-column elementor-col-50 elementor-top-column elementor-element elementor-element-8ca0aa2\" data-id=\"8ca0aa2\" data-element_type=\"column\" data-e-type=\"column\">\n\t\t\t<div class=\"elementor-widget-wrap elementor-element-populated\">\n\t\t\t\t\t\t<div class=\"elementor-element elementor-element-bfb1313 elementor-widget elementor-widget-image\" data-id=\"bfb1313\" data-element_type=\"widget\" data-e-type=\"widget\" data-widget_type=\"image.default\">\n\t\t\t\t<div class=\"elementor-widget-container\">\n\t\t\t\t\t\t\t\t\t\t\t\t\t\t\t<img fetchpriority=\"high\" decoding=\"async\" width=\"768\" height=\"1369\" src=\"https:\/\/seasidehome.nl\/wp-content\/uploads\/2022\/10\/seasidehome-groundfloor-768x1369.png\" class=\"attachment-medium_large size-medium_large wp-image-2669\" alt=\"\" srcset=\"https:\/\/seasidehome.nl\/wp-content\/uploads\/2022\/10\/seasidehome-groundfloor-768x1369.png 768w, https:\/\/seasidehome.nl\/wp-content\/uploads\/2022\/10\/seasidehome-groundfloor-168x300.png 168w, https:\/\/seasidehome.nl\/wp-content\/uploads\/2022\/10\/seasidehome-groundfloor-574x1024.png 574w, https:\/\/seasidehome.nl\/wp-content\/uploads\/2022\/10\/seasidehome-groundfloor-862x1536.png 862w, https:\/\/seasidehome.nl\/wp-content\/uploads\/2022\/10\/seasidehome-groundfloor-7x12.png 7w, https:\/\/seasidehome.nl\/wp-content\/uploads\/2022\/10\/seasidehome-groundfloor.png 912w\" sizes=\"(max-width: 768px) 100vw, 768px\" \/>\t\t\t\t\t\t\t\t\t\t\t\t\t\t\t<\/div>\n\t\t\t\t<\/div>\n\t\t\t\t\t<\/div>\n\t\t<\/div>\n\t\t\t\t<div class=\"elementor-column elementor-col-50 elementor-top-column elementor-element elementor-element-016d538\" data-id=\"016d538\" data-element_type=\"column\" data-e-type=\"column\">\n\t\t\t<div class=\"elementor-widget-wrap elementor-element-populated\">\n\t\t\t\t\t\t<div class=\"elementor-element elementor-element-994d080 elementor-widget elementor-widget-image\" data-id=\"994d080\" data-element_type=\"widget\" data-e-type=\"widget\" data-widget_type=\"image.default\">\n\t\t\t\t<div class=\"elementor-widget-container\">\n\t\t\t\t\t\t\t\t\t\t\t\t\t\t\t<img decoding=\"async\" width=\"768\" height=\"948\" src=\"https:\/\/seasidehome.nl\/wp-content\/uploads\/2022\/10\/seasidehome-1floor-768x948.png\" class=\"attachment-medium_large size-medium_large wp-image-2668\" alt=\"\" srcset=\"https:\/\/seasidehome.nl\/wp-content\/uploads\/2022\/10\/seasidehome-1floor-768x948.png 768w, https:\/\/seasidehome.nl\/wp-content\/uploads\/2022\/10\/seasidehome-1floor-243x300.png 243w, https:\/\/seasidehome.nl\/wp-content\/uploads\/2022\/10\/seasidehome-1floor-829x1024.png 829w, https:\/\/seasidehome.nl\/wp-content\/uploads\/2022\/10\/seasidehome-1floor-1244x1536.png 1244w, https:\/\/seasidehome.nl\/wp-content\/uploads\/2022\/10\/seasidehome-1floor-10x12.png 10w, https:\/\/seasidehome.nl\/wp-content\/uploads\/2022\/10\/seasidehome-1floor.png 1270w\" sizes=\"(max-width: 768px) 100vw, 768px\" \/>\t\t\t\t\t\t\t\t\t\t\t\t\t\t\t<\/div>\n\t\t\t\t<\/div>\n\t\t\t\t\t<\/div>\n\t\t<\/div>\n\t\t\t\t\t<\/div>\n\t\t<\/section>\n\t\t\t\t<section class=\"elementor-section elementor-top-section elementor-element elementor-element-b7c413d elementor-hidden-tablet elementor-hidden-mobile elementor-section-boxed elementor-section-height-default elementor-section-height-default\" data-id=\"b7c413d\" data-element_type=\"section\" data-e-type=\"section\">\n\t\t\t\t\t\t<div class=\"elementor-container elementor-column-gap-default\">\n\t\t\t\t\t<div class=\"elementor-column elementor-col-50 elementor-top-column elementor-element elementor-element-cf4a1a7\" data-id=\"cf4a1a7\" data-element_type=\"column\" data-e-type=\"column\">\n\t\t\t<div class=\"elementor-widget-wrap elementor-element-populated\">\n\t\t\t\t\t\t<div class=\"elementor-element elementor-element-b35d7df elementor-widget elementor-widget-heading\" data-id=\"b35d7df\" data-element_type=\"widget\" data-e-type=\"widget\" data-widget_type=\"heading.default\">\n\t\t\t\t<div class=\"elementor-widget-container\">\n\t\t\t\t\t<h2 class=\"elementor-heading-title elementor-size-default\">Rez-de-chauss\u00e9e<\/h2>\t\t\t\t<\/div>\n\t\t\t\t<\/div>\n\t\t\t\t\t<\/div>\n\t\t<\/div>\n\t\t\t\t<div class=\"elementor-column elementor-col-50 elementor-top-column elementor-element elementor-element-fa02adc\" data-id=\"fa02adc\" data-element_type=\"column\" data-e-type=\"column\">\n\t\t\t<div class=\"elementor-widget-wrap elementor-element-populated\">\n\t\t\t\t\t\t<div class=\"elementor-element elementor-element-7bd60fc elementor-widget elementor-widget-heading\" data-id=\"7bd60fc\" data-element_type=\"widget\" data-e-type=\"widget\" data-widget_type=\"heading.default\">\n\t\t\t\t<div class=\"elementor-widget-container\">\n\t\t\t\t\t<h2 class=\"elementor-heading-title elementor-size-default\">premier \u00e9tage<\/h2>\t\t\t\t<\/div>\n\t\t\t\t<\/div>\n\t\t\t\t\t<\/div>\n\t\t<\/div>\n\t\t\t\t\t<\/div>\n\t\t<\/section>\n\t\t\t\t<section class=\"elementor-section elementor-top-section elementor-element elementor-element-9b99d96 elementor-section-boxed elementor-section-height-default elementor-section-height-default\" data-id=\"9b99d96\" data-element_type=\"section\" data-e-type=\"section\">\n\t\t\t\t\t\t<div class=\"elementor-container elementor-column-gap-default\">\n\t\t\t\t\t<div class=\"elementor-column elementor-col-100 elementor-top-column elementor-element elementor-element-579633c\" data-id=\"579633c\" data-element_type=\"column\" data-e-type=\"column\">\n\t\t\t<div class=\"elementor-widget-wrap elementor-element-populated\">\n\t\t\t\t\t\t<div class=\"elementor-element elementor-element-52a2833 elementor-widget-divider--view-line elementor-widget elementor-widget-divider\" data-id=\"52a2833\" data-element_type=\"widget\" data-e-type=\"widget\" data-widget_type=\"divider.default\">\n\t\t\t\t<div class=\"elementor-widget-container\">\n\t\t\t\t\t\t\t<div class=\"elementor-divider\">\n\t\t\t<span class=\"elementor-divider-separator\">\n\t\t\t\t\t\t<\/span>\n\t\t<\/div>\n\t\t\t\t\t\t<\/div>\n\t\t\t\t<\/div>\n\t\t\t\t<div class=\"elementor-element elementor-element-e7c51bf elementor-widget elementor-widget-image\" data-id=\"e7c51bf\" data-element_type=\"widget\" data-e-type=\"widget\" data-widget_type=\"image.default\">\n\t\t\t\t<div class=\"elementor-widget-container\">\n\t\t\t\t\t<style>.elementor-element-e7c51bf{display:none !important}<\/style>\t\t\t\t<\/div>\n\t\t\t\t<\/div>\n\t\t\t\t\t<\/div>\n\t\t<\/div>\n\t\t\t\t\t<\/div>\n\t\t<\/section>\n\t\t\t\t<\/div>","protected":false},"excerpt":{"rendered":"<p>ALLE KENMERKEN ALGEMEEN: circa 75m2 2 slaapkamers 2 verdiepingen rookvrij huisdiervrij centrale verwarming high speed internet &amp; wifi SLAAPKAMERS: 3 persoons kamer met boxspring 160cmx200cm en los bed 90x200cm 2 persoonskamer met boxspring 160cmx200cm bedden voorzien van dekbedden en hoofdkussens BUITEN: eigen oprit met plaats voor 2 auto&#8217;s laadpaal voor de deur (last mile charging) [&hellip;]<\/p>\n","protected":false},"author":1,"featured_media":0,"parent":0,"menu_order":0,"comment_status":"closed","ping_status":"closed","template":"","meta":{"footnotes":""},"class_list":["post-1226","page","type-page","status-publish","hentry"],"yoast_head":"<!-- This site is optimized with the Yoast SEO plugin v27.4 - https:\/\/yoast.com\/product\/yoast-seo-wordpress\/ -->\n<title>Kenmerken<\/title>\n<meta name=\"description\" content=\"alle kenmerken van vakantiehuis seaside home cadzand bad. faciliteiten, afmetingen, inrichting extra&#039;s\" \/>\n<meta name=\"robots\" content=\"index, follow, max-snippet:-1, max-image-preview:large, max-video-preview:-1\" \/>\n<link rel=\"canonical\" href=\"https:\/\/seasidehome.nl\/fr\/kenmerken\/\" \/>\n<meta property=\"og:locale\" content=\"fr_FR\" \/>\n<meta property=\"og:type\" content=\"article\" \/>\n<meta property=\"og:title\" content=\"Kenmerken\" \/>\n<meta property=\"og:description\" content=\"alle kenmerken van vakantiehuis seaside home cadzand bad. faciliteiten, afmetingen, inrichting extra&#039;s\" \/>\n<meta property=\"og:url\" content=\"https:\/\/seasidehome.nl\/fr\/kenmerken\/\" \/>\n<meta property=\"og:site_name\" content=\"SeasideHome\" \/>\n<meta property=\"article:modified_time\" content=\"2023-09-18T18:00:23+00:00\" \/>\n<meta property=\"og:image\" content=\"https:\/\/seasidehome.nl\/wp-content\/uploads\/2022\/10\/seasidehome-groundfloor-768x1369.png\" \/>\n<meta name=\"twitter:card\" content=\"summary_large_image\" \/>\n<meta name=\"twitter:label1\" content=\"Dur\u00e9e de lecture estim\u00e9e\" \/>\n\t<meta name=\"twitter:data1\" content=\"2 minutes\" \/>\n<script type=\"application\/ld+json\" class=\"yoast-schema-graph\">{\"@context\":\"https:\\\/\\\/schema.org\",\"@graph\":[{\"@type\":\"WebPage\",\"@id\":\"https:\\\/\\\/seasidehome.nl\\\/kenmerken\\\/\",\"url\":\"https:\\\/\\\/seasidehome.nl\\\/kenmerken\\\/\",\"name\":\"Kenmerken\",\"isPartOf\":{\"@id\":\"https:\\\/\\\/seasidehome.nl\\\/#website\"},\"primaryImageOfPage\":{\"@id\":\"https:\\\/\\\/seasidehome.nl\\\/kenmerken\\\/#primaryimage\"},\"image\":{\"@id\":\"https:\\\/\\\/seasidehome.nl\\\/kenmerken\\\/#primaryimage\"},\"thumbnailUrl\":\"https:\\\/\\\/seasidehome.nl\\\/wp-content\\\/uploads\\\/2022\\\/10\\\/seasidehome-groundfloor-768x1369.png\",\"datePublished\":\"2022-06-12T17:08:35+00:00\",\"dateModified\":\"2023-09-18T18:00:23+00:00\",\"description\":\"alle kenmerken van vakantiehuis seaside home cadzand bad. faciliteiten, afmetingen, inrichting extra's\",\"breadcrumb\":{\"@id\":\"https:\\\/\\\/seasidehome.nl\\\/kenmerken\\\/#breadcrumb\"},\"inLanguage\":\"fr-FR\",\"potentialAction\":[{\"@type\":\"ReadAction\",\"target\":[\"https:\\\/\\\/seasidehome.nl\\\/kenmerken\\\/\"]}]},{\"@type\":\"ImageObject\",\"inLanguage\":\"fr-FR\",\"@id\":\"https:\\\/\\\/seasidehome.nl\\\/kenmerken\\\/#primaryimage\",\"url\":\"https:\\\/\\\/seasidehome.nl\\\/wp-content\\\/uploads\\\/2022\\\/10\\\/seasidehome-groundfloor-768x1369.png\",\"contentUrl\":\"https:\\\/\\\/seasidehome.nl\\\/wp-content\\\/uploads\\\/2022\\\/10\\\/seasidehome-groundfloor-768x1369.png\"},{\"@type\":\"BreadcrumbList\",\"@id\":\"https:\\\/\\\/seasidehome.nl\\\/kenmerken\\\/#breadcrumb\",\"itemListElement\":[{\"@type\":\"ListItem\",\"position\":1,\"name\":\"Home\",\"item\":\"https:\\\/\\\/seasidehome.nl\\\/\"},{\"@type\":\"ListItem\",\"position\":2,\"name\":\"Kenmerken\"}]},{\"@type\":\"WebSite\",\"@id\":\"https:\\\/\\\/seasidehome.nl\\\/#website\",\"url\":\"https:\\\/\\\/seasidehome.nl\\\/\",\"name\":\"SeasideHome\",\"description\":\"vakantiehuis Cadzand-Bad\",\"publisher\":{\"@id\":\"https:\\\/\\\/seasidehome.nl\\\/#organization\"},\"potentialAction\":[{\"@type\":\"SearchAction\",\"target\":{\"@type\":\"EntryPoint\",\"urlTemplate\":\"https:\\\/\\\/seasidehome.nl\\\/?s={search_term_string}\"},\"query-input\":{\"@type\":\"PropertyValueSpecification\",\"valueRequired\":true,\"valueName\":\"search_term_string\"}}],\"inLanguage\":\"fr-FR\"},{\"@type\":\"Organization\",\"@id\":\"https:\\\/\\\/seasidehome.nl\\\/#organization\",\"name\":\"Seaside Home Cadzand Bad\",\"url\":\"https:\\\/\\\/seasidehome.nl\\\/\",\"logo\":{\"@type\":\"ImageObject\",\"inLanguage\":\"fr-FR\",\"@id\":\"https:\\\/\\\/seasidehome.nl\\\/#\\\/schema\\\/logo\\\/image\\\/\",\"url\":\"https:\\\/\\\/seasidehome.nl\\\/wp-content\\\/uploads\\\/2022\\\/06\\\/image.png\",\"contentUrl\":\"https:\\\/\\\/seasidehome.nl\\\/wp-content\\\/uploads\\\/2022\\\/06\\\/image.png\",\"width\":544,\"height\":461,\"caption\":\"Seaside Home Cadzand Bad\"},\"image\":{\"@id\":\"https:\\\/\\\/seasidehome.nl\\\/#\\\/schema\\\/logo\\\/image\\\/\"}}]}<\/script>\n<!-- \/ Yoast SEO plugin. -->","yoast_head_json":{"title":"Kenmerken","description":"alle kenmerken van vakantiehuis seaside home cadzand bad. faciliteiten, afmetingen, inrichting extra's","robots":{"index":"index","follow":"follow","max-snippet":"max-snippet:-1","max-image-preview":"max-image-preview:large","max-video-preview":"max-video-preview:-1"},"canonical":"https:\/\/seasidehome.nl\/fr\/kenmerken\/","og_locale":"fr_FR","og_type":"article","og_title":"Kenmerken","og_description":"alle kenmerken van vakantiehuis seaside home cadzand bad. faciliteiten, afmetingen, inrichting extra's","og_url":"https:\/\/seasidehome.nl\/fr\/kenmerken\/","og_site_name":"SeasideHome","article_modified_time":"2023-09-18T18:00:23+00:00","og_image":[{"url":"https:\/\/seasidehome.nl\/wp-content\/uploads\/2022\/10\/seasidehome-groundfloor-768x1369.png","type":"","width":"","height":""}],"twitter_card":"summary_large_image","twitter_misc":{"Dur\u00e9e de lecture estim\u00e9e":"2 minutes"},"schema":{"@context":"https:\/\/schema.org","@graph":[{"@type":"WebPage","@id":"https:\/\/seasidehome.nl\/kenmerken\/","url":"https:\/\/seasidehome.nl\/kenmerken\/","name":"Kenmerken","isPartOf":{"@id":"https:\/\/seasidehome.nl\/#website"},"primaryImageOfPage":{"@id":"https:\/\/seasidehome.nl\/kenmerken\/#primaryimage"},"image":{"@id":"https:\/\/seasidehome.nl\/kenmerken\/#primaryimage"},"thumbnailUrl":"https:\/\/seasidehome.nl\/wp-content\/uploads\/2022\/10\/seasidehome-groundfloor-768x1369.png","datePublished":"2022-06-12T17:08:35+00:00","dateModified":"2023-09-18T18:00:23+00:00","description":"alle kenmerken van vakantiehuis seaside home cadzand bad. faciliteiten, afmetingen, inrichting extra's","breadcrumb":{"@id":"https:\/\/seasidehome.nl\/kenmerken\/#breadcrumb"},"inLanguage":"fr-FR","potentialAction":[{"@type":"ReadAction","target":["https:\/\/seasidehome.nl\/kenmerken\/"]}]},{"@type":"ImageObject","inLanguage":"fr-FR","@id":"https:\/\/seasidehome.nl\/kenmerken\/#primaryimage","url":"https:\/\/seasidehome.nl\/wp-content\/uploads\/2022\/10\/seasidehome-groundfloor-768x1369.png","contentUrl":"https:\/\/seasidehome.nl\/wp-content\/uploads\/2022\/10\/seasidehome-groundfloor-768x1369.png"},{"@type":"BreadcrumbList","@id":"https:\/\/seasidehome.nl\/kenmerken\/#breadcrumb","itemListElement":[{"@type":"ListItem","position":1,"name":"Home","item":"https:\/\/seasidehome.nl\/"},{"@type":"ListItem","position":2,"name":"Kenmerken"}]},{"@type":"WebSite","@id":"https:\/\/seasidehome.nl\/#website","url":"https:\/\/seasidehome.nl\/","name":"SeasideHome","description":"vakantiehuis Cadzand-Bad","publisher":{"@id":"https:\/\/seasidehome.nl\/#organization"},"potentialAction":[{"@type":"SearchAction","target":{"@type":"EntryPoint","urlTemplate":"https:\/\/seasidehome.nl\/?s={search_term_string}"},"query-input":{"@type":"PropertyValueSpecification","valueRequired":true,"valueName":"search_term_string"}}],"inLanguage":"fr-FR"},{"@type":"Organization","@id":"https:\/\/seasidehome.nl\/#organization","name":"Seaside Home Cadzand Bad","url":"https:\/\/seasidehome.nl\/","logo":{"@type":"ImageObject","inLanguage":"fr-FR","@id":"https:\/\/seasidehome.nl\/#\/schema\/logo\/image\/","url":"https:\/\/seasidehome.nl\/wp-content\/uploads\/2022\/06\/image.png","contentUrl":"https:\/\/seasidehome.nl\/wp-content\/uploads\/2022\/06\/image.png","width":544,"height":461,"caption":"Seaside Home Cadzand Bad"},"image":{"@id":"https:\/\/seasidehome.nl\/#\/schema\/logo\/image\/"}}]}},"_links":{"self":[{"href":"https:\/\/seasidehome.nl\/fr\/wp-json\/wp\/v2\/pages\/1226","targetHints":{"allow":["GET"]}}],"collection":[{"href":"https:\/\/seasidehome.nl\/fr\/wp-json\/wp\/v2\/pages"}],"about":[{"href":"https:\/\/seasidehome.nl\/fr\/wp-json\/wp\/v2\/types\/page"}],"author":[{"embeddable":true,"href":"https:\/\/seasidehome.nl\/fr\/wp-json\/wp\/v2\/users\/1"}],"replies":[{"embeddable":true,"href":"https:\/\/seasidehome.nl\/fr\/wp-json\/wp\/v2\/comments?post=1226"}],"version-history":[{"count":0,"href":"https:\/\/seasidehome.nl\/fr\/wp-json\/wp\/v2\/pages\/1226\/revisions"}],"wp:attachment":[{"href":"https:\/\/seasidehome.nl\/fr\/wp-json\/wp\/v2\/media?parent=1226"}],"curies":[{"name":"wp","href":"https:\/\/api.w.org\/{rel}","templated":true}]}}